{"id":66,"date":"2018-04-03T10:47:41","date_gmt":"2018-04-03T10:47:41","guid":{"rendered":"http:\/\/demo.transvelo.in\/wp\/bethlehem\/?page_id=66"},"modified":"2022-12-08T14:38:04","modified_gmt":"2022-12-08T14:38:04","slug":"about","status":"publish","type":"page","link":"https:\/\/bethlehemgemeinde-meppen.de\/?page_id=66","title":{"rendered":"Unsere Bethlehemkirche"},"content":{"rendered":"\t\t<div data-elementor-type=\"wp-page\" data-elementor-id=\"66\" class=\"elementor elementor-66\" data-elementor-post-type=\"page\">\n\t\t\t\t\t\t<section class=\"elementor-section elementor-top-section elementor-element elementor-element-695440a7 elementor-section-boxed elementor-section-height-default elementor-section-height-default\" data-id=\"695440a7\" data-element_type=\"section\" data-e-type=\"section\" data-settings=\"{&quot;ekit_has_onepagescroll_dot&quot;:&quot;yes&quot;}\">\n\t\t\t\t\t\t<div class=\"elementor-container elementor-column-gap-default\">\n\t\t\t\t\t<div class=\"elementor-column elementor-col-100 elementor-top-column elementor-element elementor-element-36193c04\" data-id=\"36193c04\" data-element_type=\"column\" data-e-type=\"column\">\n\t\t\t<div class=\"elementor-widget-wrap elementor-element-populated\">\n\t\t\t\t\t\t<div class=\"elementor-element elementor-element-4a5ef975 elementor-widget elementor-widget-text-editor\" data-id=\"4a5ef975\" data-element_type=\"widget\" data-e-type=\"widget\" data-settings=\"{&quot;ekit_we_effect_on&quot;:&quot;none&quot;}\" data-widget_type=\"text-editor.default\">\n\t\t\t\t<div class=\"elementor-widget-container\">\n\t\t\t\t\t\t\t\t\t<p>Die Meppener Bethlehemkirche ist im Jahr 1954 gebaut worden. Der Name der Kirche erinnert an die Geschichte der Geburt Jesu: Nicht zuhause in Nazareth, sondern in der Fremde in Bethlehem ist Jesus geboren worden, seine Eltern hatten einen weiten Weg hinter sich. So \u00e4hnlich, n\u00e4mlich zun\u00e4chst einmal fremd, haben sich viele evangelisch-lutherische Christinnen und Christen gef\u00fchlt: Ihr Zuhause hatten sie verlassen m\u00fcssen und sind nach Meppen gekommen: in eine fremde Stadt. Unsere Bethlehemkirche sollte diesen Vertriebenen und Gefl\u00fcchteten zu einem neuen Zuhause werden.<\/p><p>Nach einigen Jahren schon war der urspr\u00fcngliche Kirchbau als Versammlungsort zu klein, unser Albert-Schweitzer-Haus kam als Gemeindehaus hinzu, sp\u00e4ter wurde die Kirche erweitert und erneuert. Die genaue Geschichte kann man nachlesen in der Festschrift \u201e60 Jahre Bethlehemkirche Meppen. 1954 \u2013 2014\u201c, herausgegeben von der Ev.-luth. Bethlehem-Kirchengemeinde, Meppen 2014. Die Bethlehemkirche ist bis heute der Mittelpunkt unserer Gemeinde, die da ruft:<\/p><p><strong>\u201eHerr, ich habe lieb die St\u00e4tte deines Hauses und den Ort, da deine Ehre wohnt.\u201c (Psalm 26,8)<\/strong><\/p><p>Visionen: haben die Propheten des Alten Testaments gehabt. Sie haben Gott geschaut als den Herrn der Welt.<\/p><p>Visionen: hatten die Apostel und hatte der Seher Johannes. Er erz\u00e4hlt davon im letzten Buch des Neuen Testaments: in der Offenbarung. Gott ist der Herr der Zeit.<\/p><p>Von Visionen: wollen wir nicht sprechen, aber davon, dass f\u00fcr uns der dreieinige Gott der Herr der Welt und der Herr der Zeit ist. Und in der Kirchengemeinde laden wir dazu ein, den Glauben an diesen Herrn zu teilen. Diesen Glauben wollen wir weitergeben an die kommenden Generationen. Dazu haben Menschen aus unserer Bethlehemgemeinde im Jahr 2009 die Bethlehem-Stiftung gegr\u00fcndet und in der Folge weiter aufgebaut: dass der Glaube lebendig weitergetragen werden kann. Das Gemeindeleben soll der Ort sein, an dem dieser Glaube weiterhin geteilt werden kann.<\/p>\t\t\t\t\t\t\t\t<\/div>\n\t\t\t\t<\/div>\n\t\t\t\t\t<\/div>\n\t\t<\/div>\n\t\t\t\t\t<\/div>\n\t\t<\/section>\n\t\t\t\t<\/div>\n\t\t","protected":false},"excerpt":{"rendered":"<p>Die Meppener Bethlehemkirche ist im Jahr 1954 gebaut worden. Der Name der Kirche erinnert an die Geschichte der Geburt Jesu: Nicht zuhause in Nazareth, sondern in der Fremde in Bethlehem ist Jesus geboren worden, seine Eltern hatten einen weiten Weg hinter sich. So \u00e4hnlich, n\u00e4mlich zun\u00e4chst einmal fremd, haben sich viele evangelisch-lutherische Christinnen und Christen &#8230; <a title=\"Unsere Bethlehemkirche\" class=\"read-more\" href=\"https:\/\/bethlehemgemeinde-meppen.de\/?page_id=66\" aria-label=\"Mehr Informationen \u00fcber Unsere Bethlehemkirche\">Weiterlesen<\/a><\/p>\n","protected":false},"author":2,"featured_media":1772,"parent":0,"menu_order":0,"comment_status":"closed","ping_status":"closed","template":"","meta":{"footnotes":""},"class_list":["post-66","page","type-page","status-publish","has-post-thumbnail"],"_links":{"self":[{"href":"https:\/\/bethlehemgemeinde-meppen.de\/index.php?rest_route=\/wp\/v2\/pages\/66","targetHints":{"allow":["GET"]}}],"collection":[{"href":"https:\/\/bethlehemgemeinde-meppen.de\/index.php?rest_route=\/wp\/v2\/pages"}],"about":[{"href":"https:\/\/bethlehemgemeinde-meppen.de\/index.php?rest_route=\/wp\/v2\/types\/page"}],"author":[{"embeddable":true,"href":"https:\/\/bethlehemgemeinde-meppen.de\/index.php?rest_route=\/wp\/v2\/users\/2"}],"replies":[{"embeddable":true,"href":"https:\/\/bethlehemgemeinde-meppen.de\/index.php?rest_route=%2Fwp%2Fv2%2Fcomments&post=66"}],"version-history":[{"count":8,"href":"https:\/\/bethlehemgemeinde-meppen.de\/index.php?rest_route=\/wp\/v2\/pages\/66\/revisions"}],"predecessor-version":[{"id":4209,"href":"https:\/\/bethlehemgemeinde-meppen.de\/index.php?rest_route=\/wp\/v2\/pages\/66\/revisions\/4209"}],"wp:featuredmedia":[{"embeddable":true,"href":"https:\/\/bethlehemgemeinde-meppen.de\/index.php?rest_route=\/wp\/v2\/media\/1772"}],"wp:attachment":[{"href":"https:\/\/bethlehemgemeinde-meppen.de\/index.php?rest_route=%2Fwp%2Fv2%2Fmedia&parent=66"}],"curies":[{"name":"wp","href":"https:\/\/api.w.org\/{rel}","templated":true}]}}