{"id":27,"date":"2019-12-01T09:40:53","date_gmt":"2019-12-01T08:40:53","guid":{"rendered":"https:\/\/bethlehemgemeinde-meppen.de\/?page_id=27"},"modified":"2026-02-16T11:10:04","modified_gmt":"2026-02-16T11:10:04","slug":"impressum","status":"publish","type":"page","link":"https:\/\/bethlehemgemeinde-meppen.de\/?page_id=27","title":{"rendered":"Impressum"},"content":{"rendered":"\t\t<div data-elementor-type=\"wp-page\" data-elementor-id=\"27\" class=\"elementor elementor-27\" data-elementor-post-type=\"page\">\n\t\t\t\t\t\t<section class=\"elementor-section elementor-top-section elementor-element elementor-element-69c744cf elementor-section-boxed elementor-section-height-default elementor-section-height-default\" data-id=\"69c744cf\" data-element_type=\"section\" data-e-type=\"section\" data-settings=\"{&quot;ekit_has_onepagescroll_dot&quot;:&quot;yes&quot;}\">\n\t\t\t\t\t\t<div class=\"elementor-container elementor-column-gap-default\">\n\t\t\t\t\t<div class=\"elementor-column elementor-col-100 elementor-top-column elementor-element elementor-element-4106707a\" data-id=\"4106707a\" data-element_type=\"column\" data-e-type=\"column\">\n\t\t\t<div class=\"elementor-widget-wrap elementor-element-populated\">\n\t\t\t\t\t\t<div class=\"elementor-element elementor-element-66572b84 elementor-widget elementor-widget-text-editor\" data-id=\"66572b84\" data-element_type=\"widget\" data-e-type=\"widget\" data-settings=\"{&quot;ekit_we_effect_on&quot;:&quot;none&quot;}\" data-widget_type=\"text-editor.default\">\n\t\t\t\t<div class=\"elementor-widget-container\">\n\t\t\t\t\t\t\t\t\t<h5><strong>Diensteanbieter gem\u00e4\u00df \u00a7 5 DDG<\/strong><\/h5><p>Ev.-luth- Bethlehemgemeinde Meppen<br \/>Albert-Schweitzer-Weg 5<br \/>49716 Meppen<br \/>Tel.: 05931 \u2013 12 467<br \/>E-Mail: <a href=\"mailto:pfarrbuero@bethlehemgemeinde-meppen.de\">pfarrbuero@bethlehemgemeinde-meppen.de<\/a><\/p><h5><strong>Verantwortliche\/r f\u00fcr redaktionelle Inhalte gem\u00e4\u00df \u00a7 18 Abs. 2 MStV<\/strong><\/h5><p>Pastor Achim Heldt<br \/>Albert-Schweitzer-Weg 5<br \/>49716 Meppen<br \/>Tel.: 05931 -12 467<br \/>E-Mail: <a href=\"mailto:Achim.Heldt@evlka.de\">Achim.Heldt@evlka.de<\/a><\/p><h5><strong>\u00d6rtlich Beauftragte(r) f\u00fcr den Datenschutz gem\u00e4\u00df \u00a7 36 DSG-EKD<\/strong><\/h5><p>Horst Eden<br \/>\u00d6rtlicher Datenschutzbeauftragter f\u00fcr die Kirchenkreise Emden-Leer, Rhauderfehn, Emsland-Bentheim<br \/>pr. Adr. Hoheellernweg 3, 26789 Leer<br \/>Tel.: 0173-3745737<br \/>E-Mail: <a href=\"mailto:DSB.Eden@evlka.de\">DSB.Eden@evlka.de<\/a><\/p><p>\u00a0<\/p><h3>Rechtliche Hinweise<\/h3><h5><strong>Information und Haftung f\u00fcr Inhalte<\/strong><\/h5><p>Diese Webseiten dienen ausschlie\u00dflich der Information der Besucher:innen. Alle enthaltenen Angaben wurden sorgf\u00e4ltig recherchiert und von den redaktionell Verantwortlichen gepr\u00fcft. Dennoch kann f\u00fcr die Richtigkeit, Vollst\u00e4ndigkeit und Aktualit\u00e4t keine Gew\u00e4hr \u00fcbernommen werden. Dar\u00fcber hinaus beh\u00e4lt sich der Webseitenbetreiber vor, die bereit gestellten Informationen jederzeit ohne vorherige Ank\u00fcndigung zu aktualisieren oder zu \u00e4ndern.<\/p><h5><strong>Links zu anderen Webseiten<\/strong><\/h5><p>Diese Webseiten enthalten Links zu Webseiten Dritter. F\u00fcr die Inhalte der verlinkten Webseiten ist ausschlie\u00dflich der jeweilige Anbieter oder Betreiber dieser Webseiten verantwortlich. Zum Zeitpunkt der Verlinkung auf die externen Webseiten waren weder rechtswidrige Inhalte noch Rechtsverst\u00f6\u00dfe erkennbar. Eine permanente inhaltliche Kontrolle der verlinkten Webseiten ist nicht durchf\u00fchrbar. Bei Bekanntwerden von Rechtsverst\u00f6\u00dfen werden derartige Verlinkungen umgehend entfernt.<\/p><h5><strong>Urheberrecht<\/strong><\/h5><p>Inhalt und Struktur dieser Webseiten sind urheberrechtlich gesch\u00fctzt. Die Vervielf\u00e4ltigung von Inhalten oder Daten, insbesondere die Verwendung von Texten, Textteilen oder Bildmaterial, bedarf der vorherigen schriftlichen Zustimmung der\/des redaktionell Verantwortlichen.<\/p><h5><strong>Informationen zur au\u00dfergerichtlichen Online-Streitbeilegung gem\u00e4\u00df Art.14 Abs.1 Online-Dispute-Resolution (ODR-VO) und \u00a7 36 Verbraucherstreitbeilegungsgesetz (VSBG)<\/strong><\/h5><p>Zur Teilnahme an einem Schlichtungsverfahren sind wir weder verpflichtet noch bereit und k\u00f6nnen die Teilnahme an einem solchen Verfahren auch nicht anbieten.<\/p>\t\t\t\t\t\t\t\t<\/div>\n\t\t\t\t<\/div>\n\t\t\t\t\t<\/div>\n\t\t<\/div>\n\t\t\t\t\t<\/div>\n\t\t<\/section>\n\t\t\t\t<\/div>\n\t\t","protected":false},"excerpt":{"rendered":"<p>Diensteanbieter gem\u00e4\u00df \u00a7 5 DDG Ev.-luth- Bethlehemgemeinde MeppenAlbert-Schweitzer-Weg 549716 MeppenTel.: 05931 \u2013 12 467E-Mail: pfarrbuero@bethlehemgemeinde-meppen.de Verantwortliche\/r f\u00fcr redaktionelle Inhalte gem\u00e4\u00df \u00a7 18 Abs. 2 MStV Pastor Achim HeldtAlbert-Schweitzer-Weg 549716 MeppenTel.: 05931 -12 467E-Mail: Achim.Heldt@evlka.de \u00d6rtlich Beauftragte(r) f\u00fcr den Datenschutz gem\u00e4\u00df \u00a7 36 DSG-EKD Horst Eden\u00d6rtlicher Datenschutzbeauftragter f\u00fcr die Kirchenkreise Emden-Leer, Rhauderfehn, Emsland-Bentheimpr. Adr. Hoheellernweg 3, &#8230; <a title=\"Impressum\" class=\"read-more\" href=\"https:\/\/bethlehemgemeinde-meppen.de\/?page_id=27\" aria-label=\"Mehr Informationen \u00fcber Impressum\">Weiterlesen<\/a><\/p>\n","protected":false},"author":1,"featured_media":0,"parent":0,"menu_order":0,"comment_status":"closed","ping_status":"closed","template":"","meta":{"footnotes":""},"class_list":["post-27","page","type-page","status-publish"],"_links":{"self":[{"href":"https:\/\/bethlehemgemeinde-meppen.de\/index.php?rest_route=\/wp\/v2\/pages\/27","targetHints":{"allow":["GET"]}}],"collection":[{"href":"https:\/\/bethlehemgemeinde-meppen.de\/index.php?rest_route=\/wp\/v2\/pages"}],"about":[{"href":"https:\/\/bethlehemgemeinde-meppen.de\/index.php?rest_route=\/wp\/v2\/types\/page"}],"author":[{"embeddable":true,"href":"https:\/\/bethlehemgemeinde-meppen.de\/index.php?rest_route=\/wp\/v2\/users\/1"}],"replies":[{"embeddable":true,"href":"https:\/\/bethlehemgemeinde-meppen.de\/index.php?rest_route=%2Fwp%2Fv2%2Fcomments&post=27"}],"version-history":[{"count":18,"href":"https:\/\/bethlehemgemeinde-meppen.de\/index.php?rest_route=\/wp\/v2\/pages\/27\/revisions"}],"predecessor-version":[{"id":105208,"href":"https:\/\/bethlehemgemeinde-meppen.de\/index.php?rest_route=\/wp\/v2\/pages\/27\/revisions\/105208"}],"wp:attachment":[{"href":"https:\/\/bethlehemgemeinde-meppen.de\/index.php?rest_route=%2Fwp%2Fv2%2Fmedia&parent=27"}],"curies":[{"name":"wp","href":"https:\/\/api.w.org\/{rel}","templated":true}]}}